{"id":654,"date":"2022-02-13T16:32:27","date_gmt":"2022-02-13T16:32:27","guid":{"rendered":"https:\/\/demo.creativethemes.com\/stagingfour\/?page_id=654"},"modified":"2023-03-03T13:59:24","modified_gmt":"2023-03-03T11:59:24","slug":"ota-yhteytta","status":"publish","type":"page","link":"https:\/\/luovaviesti.fi\/fr\/ota-yhteytta\/","title":{"rendered":"Prendre contact"},"content":{"rendered":"<div class=\"wp-block-stackable-spacer stk-block-spacer stk--no-padding stk-block stk-3cdf45c\" data-block-id=\"3cdf45c\"><style>.stk-3cdf45c{height:100px !important}@media screen and (max-width:1023px){.stk-3cdf45c{height:70px !important}}@media screen and (max-width:767px){.stk-3cdf45c{height:50px !important}}<\/style><\/div>\n\n\n\n<div class=\"wp-block-stackable-columns stk-block-columns stk-block stk-d5bda58\" data-block-id=\"d5bda58\"><style>.stk-d5bda58{margin-bottom:0px !important}.stk-d5bda58-column{row-gap:60px !important}@media screen and (max-width:1023px){.stk-d5bda58-column{--stk-column-gap:50px !important}}<\/style><div class=\"stk-row stk-inner-blocks has-text-align-center-mobile stk-block-content stk-content-align stk-d5bda58-column\">\n<div class=\"wp-block-stackable-column stk-block-column stk-block-column--v3 stk-column stk-block-column--v2 stk-block stk-bd4e243\" data-block-id=\"bd4e243\"><style>.stk-bd4e243-container{margin-top:0px !important;margin-right:0px !important;margin-bottom:0px !important;margin-left:0px !important}@media screen and (min-width:768px){.stk-bd4e243{flex:1 1 calc(50% - var(--stk-column-gap,0px) * 1 \/ 2 ) !important}}<\/style><div class=\"stk-column-wrapper stk-block-column__content stk-container stk-bd4e243-container stk--no-background stk--no-padding\"><div class=\"has-text-align-left has-text-align-center-mobile stk-block-content stk-inner-blocks stk-bd4e243-inner-blocks\">\n<div class=\"wp-block-stackable-heading stk-block-heading stk-block-heading--v2 stk-block stk-20df137\" id=\"jutellaan-lisaa\" data-block-id=\"20df137\"><style>.stk-20df137{margin-bottom:50px !important}.stk-20df137 .stk-block-heading__bottom-line{margin-top:24px !important}@media screen and (max-width:767px){.stk-20df137 .stk-block-heading__bottom-line{margin-left:auto !important;margin-right:auto !important}}<\/style><h1 class=\"stk-block-heading__text\">Parlons plus<\/h1><div class=\"stk-block-heading__bottom-line\"><\/div><\/div>\n\n\n\n<div class=\"wp-block-stackable-heading stk-block-heading stk-block-heading--v2 stk-block stk-9003eb7\" id=\"linked-in\" data-block-id=\"9003eb7\"><style>.stk-9003eb7{margin-bottom:8px !important}<\/style><h5 class=\"stk-block-heading__text\">Num\u00e9ro de t\u00e9l\u00e9phone<\/h5><\/div>\n\n\n\n<div class=\"wp-block-stackable-text stk-block-text stk-block stk-67b7078\" id=\"linked-in\" data-block-id=\"67b7078\"><style>.stk-67b7078{margin-bottom:0px !important}<\/style><p class=\"stk-block-text__text\">+358 41 311 4304<\/p><\/div>\n\n\n\n<div class=\"wp-block-stackable-spacer stk-block-spacer stk--no-padding stk-block stk-000f4df\" id=\"linked-in\" data-block-id=\"000f4df\"><style>.stk-000f4df{height:50px !important}<\/style><\/div>\n\n\n\n<div class=\"wp-block-stackable-heading stk-block-heading stk-block-heading--v2 stk-block stk-cef93e8\" id=\"linked-in\" data-block-id=\"cef93e8\"><style>.stk-cef93e8{margin-bottom:8px !important}<\/style><h5 class=\"stk-block-heading__text\">E-mail<\/h5><\/div>\n\n\n\n<div class=\"wp-block-stackable-text stk-block-text stk-block stk-ee6f2a1\" id=\"linked-in\" data-block-id=\"ee6f2a1\"><style>.stk-ee6f2a1{margin-bottom:0px !important}<\/style><p class=\"stk-block-text__text\">elli-noora@luovaviesti.fi<\/p><\/div>\n\n\n\n<div class=\"wp-block-stackable-spacer stk-block-spacer stk--no-padding stk-block stk-56c7d1b\" id=\"linked-in\" data-block-id=\"56c7d1b\"><style>.stk-56c7d1b{height:50px !important}<\/style><\/div>\n\n\n\n<div class=\"wp-block-stackable-heading stk-block-heading stk-block-heading--v2 stk-block stk-63387ea\" id=\"linked-in\" data-block-id=\"63387ea\"><style>.stk-63387ea{margin-bottom:8px !important}<\/style><h5 class=\"stk-block-heading__text\">LinkedIn<\/h5><\/div>\n\n\n\n<div class=\"wp-block-stackable-text stk-block-text stk-block stk-c8df217\" id=\"linked-in\" data-block-id=\"c8df217\"><style>.stk-c8df217{margin-bottom:0px !important}<\/style><p class=\"stk-block-text__text\"><a href=\"https:\/\/www.linkedin.com\/in\/ellinooranieminen\/\" target=\"_blank\" rel=\"noreferrer noopener\">https:\/\/www.linkedin.com\/in\/ellinooranieminen\/<\/a><\/p><\/div>\n\n\n\n<div class=\"wp-block-stackable-spacer stk-block-spacer stk--no-padding stk-block stk-551d683\" id=\"linked-in\" data-block-id=\"551d683\"><style>.stk-551d683{height:50px !important}<\/style><\/div>\n<\/div><\/div><\/div>\n\n\n\n<div class=\"wp-block-stackable-column stk-block-column stk-block-column--v3 stk-column stk-block-column--v2 stk-block stk-b9c9c39\" data-block-id=\"b9c9c39\"><style>.stk-b9c9c39-container{margin-top:0px !important;margin-right:0px !important;margin-bottom:0px !important;margin-left:0px !important}@media screen and (min-width:768px){.stk-b9c9c39{flex:1 1 calc(50% - var(--stk-column-gap,0px) * 1 \/ 2 ) !important}}<\/style><div class=\"stk-column-wrapper stk-block-column__content stk-container stk-b9c9c39-container stk--no-background stk--no-padding\"><div class=\"stk-block-content stk-inner-blocks stk-b9c9c39-inner-blocks\">\n<div class=\"wp-block-stackable-image stk-block-image stk-block stk-74bf3c2\" data-block-id=\"74bf3c2\"><style>.stk-74bf3c2 .stk-img-wrapper{width:80% !important}.stk-74bf3c2 .stk-img-wrapper img,.stk-74bf3c2 .stk-img-wrapper::after,.stk-74bf3c2 .stk-img-wrapper::before{mask-image:url('data:image\/svg+xml;base64,PHN2ZyB4bWxucz0iaHR0cDovL3d3dy53My5vcmcvMjAwMC9zdmciIHZpZXdCb3g9IjAgMCAyMDAgMjAwIiBwcmVzZXJ2ZUFzcGVjdFJhdGlvPSJub25lIiB0cmFuc2Zvcm09InNjYWxlKC0xLDEpIj48cGF0aCBkPSJNMTg4LjUgMzEuOWMxMi45IDE1LjkgMTIuNSA0My4zIDEwLjMgNzcuMXMtNi4yIDc0LjItMjYuMiA4Ni41LTU2LjEtMy4zLTg5LjQtMjEuMi02My43LTM4LjEtNzYuNC02OS44Qy01LjkgNzMtLjggMjkuOSAyMS42IDExLjcgNDQtNi40IDgzLjguNSAxMTYuNyA2LjFzNTkgMTAgNzEuOCAyNS44eiI+PC9wYXRoPjwvc3ZnPg==') !important;-webkit-mask-image:url('data:image\/svg+xml;base64,PHN2ZyB4bWxucz0iaHR0cDovL3d3dy53My5vcmcvMjAwMC9zdmciIHZpZXdCb3g9IjAgMCAyMDAgMjAwIiBwcmVzZXJ2ZUFzcGVjdFJhdGlvPSJub25lIiB0cmFuc2Zvcm09InNjYWxlKC0xLDEpIj48cGF0aCBkPSJNMTg4LjUgMzEuOWMxMi45IDE1LjkgMTIuNSA0My4zIDEwLjMgNzcuMXMtNi4yIDc0LjItMjYuMiA4Ni41LTU2LjEtMy4zLTg5LjQtMjEuMi02My43LTM4LjEtNzYuNC02OS44Qy01LjkgNzMtLjggMjkuOSAyMS42IDExLjcgNDQtNi40IDgzLjguNSAxMTYuNyA2LjFzNTkgMTAgNzEuOCAyNS44eiI+PC9wYXRoPjwvc3ZnPg==') !important}<\/style><figure class=\"stk-img-wrapper stk-img--shape stk-image--shape-stretch\"><img loading=\"lazy\" decoding=\"async\" class=\"stk-img wp-image-856 lazyload\" data-src=\"https:\/\/luovaviesti.fi\/wp-content\/uploads\/2023\/02\/DSCF7295-taustalla-netti.jpg\" width=\"1280\" height=\"1920\" data-srcset=\"https:\/\/luovaviesti.fi\/wp-content\/uploads\/2023\/02\/DSCF7295-taustalla-netti.jpg 1280w, https:\/\/luovaviesti.fi\/wp-content\/uploads\/2023\/02\/DSCF7295-taustalla-netti-200x300.jpg 200w, https:\/\/luovaviesti.fi\/wp-content\/uploads\/2023\/02\/DSCF7295-taustalla-netti-683x1024.jpg 683w, https:\/\/luovaviesti.fi\/wp-content\/uploads\/2023\/02\/DSCF7295-taustalla-netti-768x1152.jpg 768w, https:\/\/luovaviesti.fi\/wp-content\/uploads\/2023\/02\/DSCF7295-taustalla-netti-1024x1536.jpg 1024w, https:\/\/luovaviesti.fi\/wp-content\/uploads\/2023\/02\/DSCF7295-taustalla-netti-8x12.jpg 8w\" data-sizes=\"(max-width: 1280px) 100vw, 1280px\" src=\"data:image\/gif;base64,R0lGODlhAQABAAAAACH5BAEKAAEALAAAAAABAAEAAAICTAEAOw==\" style=\"--smush-placeholder-width: 1280px; --smush-placeholder-aspect-ratio: 1280\/1920;\" \/><noscript><img loading=\"lazy\" decoding=\"async\" class=\"stk-img wp-image-856\" src=\"https:\/\/luovaviesti.fi\/wp-content\/uploads\/2023\/02\/DSCF7295-taustalla-netti.jpg\" width=\"1280\" height=\"1920\" srcset=\"https:\/\/luovaviesti.fi\/wp-content\/uploads\/2023\/02\/DSCF7295-taustalla-netti.jpg 1280w, https:\/\/luovaviesti.fi\/wp-content\/uploads\/2023\/02\/DSCF7295-taustalla-netti-200x300.jpg 200w, https:\/\/luovaviesti.fi\/wp-content\/uploads\/2023\/02\/DSCF7295-taustalla-netti-683x1024.jpg 683w, https:\/\/luovaviesti.fi\/wp-content\/uploads\/2023\/02\/DSCF7295-taustalla-netti-768x1152.jpg 768w, https:\/\/luovaviesti.fi\/wp-content\/uploads\/2023\/02\/DSCF7295-taustalla-netti-1024x1536.jpg 1024w, https:\/\/luovaviesti.fi\/wp-content\/uploads\/2023\/02\/DSCF7295-taustalla-netti-8x12.jpg 8w\" sizes=\"(max-width: 1280px) 100vw, 1280px\" \/><\/noscript><\/figure><\/div>\n<\/div><\/div><\/div>\n<\/div><\/div>","protected":false},"excerpt":{"rendered":"<p>Jutellaan lis\u00e4\u00e4 Puhelinnumero +358 41 311 4304 S\u00e4hk\u00f6posti elli-noora@luovaviesti.fi LinkedIn https:\/\/www.linkedin.com\/in\/ellinooranieminen\/<\/p>","protected":false},"author":2,"featured_media":0,"parent":0,"menu_order":0,"comment_status":"closed","ping_status":"closed","template":"","meta":{"footnotes":""},"class_list":["post-654","page","type-page","status-publish","hentry"],"blocksy_meta":{"styles_descriptor":{"styles":{"desktop":"","tablet":"","mobile":""},"google_fonts":[],"version":6},"page_title_panel":"","has_hero_section":"default","db567741911212a6487ad77c7235ff4e":"","hero_section":"type-1","hero_elements":[{"id":"custom_title","enabled":true,"heading_tag":"h1","title":"Home"},{"id":"custom_description","enabled":true,"description_visibility":{"desktop":true,"tablet":true,"mobile":false}},{"id":"custom_meta","enabled":false,"meta_elements":[{"id":"author","enabled":true,"label":"By","has_author_avatar":"yes","avatar_size":25},{"id":"post_date","enabled":true,"label":"On","date_format_source":"default","date_format":"M j, Y"},{"id":"updated_date","enabled":false,"label":"On","date_format_source":"default","date_format":"M j, Y"},{"id":"categories","enabled":false,"label":"In","style":"simple"},{"id":"comments","enabled":true}],"page_meta_elements":{"joined":true,"articles_count":true,"comments":true}},{"id":"breadcrumbs","enabled":false}],"46a7bfb2347eb4634d2d85ba2c89301f":"","hero_alignment1":"CT_CSS_SKIP_RULE","hero_margin":40,"hero_alignment2":"center","hero_vertical_alignment":"center","04357bfccb4668ce5a987e34dc06edc4":"","hero_structure":"narrow","4992c1e4e4c6446d5f43691493dd6e4b":"","page_title_bg_type":"featured_image","custom_hero_background":{"attachment_id":null},"parallax":{"desktop":false,"tablet":false,"mobile":false},"86b7ee5a2649ba534360b742cb20231a":"","hero_height":"250px","pageTitleFont":{"family":"Default","variation":"Default","size":"30px","line-height":"CT_CSS_SKIP_RULE","letter-spacing":"CT_CSS_SKIP_RULE","text-transform":"CT_CSS_SKIP_RULE","text-decoration":"CT_CSS_SKIP_RULE"},"pageTitleFontColor":{"default":{"color":"CT_CSS_SKIP_RULEDEFAULT"}},"pageMetaFont":{"family":"Default","variation":"n6","size":"12px","line-height":"1.3","letter-spacing":"CT_CSS_SKIP_RULE","text-transform":"uppercase","text-decoration":"CT_CSS_SKIP_RULE"},"pageMetaFontColor":{"default":{"color":"CT_CSS_SKIP_RULEDEFAULT"},"hover":{"color":"CT_CSS_SKIP_RULEDEFAULT"}},"page_meta_button_type_font_colors":{"default":{"color":"CT_CSS_SKIP_RULEDEFAULT"},"hover":{"color":"CT_CSS_SKIP_RULEDEFAULT"}},"page_meta_button_type_background_colors":{"default":{"color":"CT_CSS_SKIP_RULEDEFAULT"},"hover":{"color":"CT_CSS_SKIP_RULEDEFAULT"}},"pageExcerptFont":{"family":"Default","variation":"Default","size":"CT_CSS_SKIP_RULE","line-height":"CT_CSS_SKIP_RULE","letter-spacing":"CT_CSS_SKIP_RULE","text-transform":"CT_CSS_SKIP_RULE","text-decoration":"CT_CSS_SKIP_RULE"},"pageExcerptColor":{"default":{"color":"CT_CSS_SKIP_RULEDEFAULT"}},"breadcrumbsFont":{"family":"Default","variation":"Default","size":"CT_CSS_SKIP_RULE","line-height":"CT_CSS_SKIP_RULE","letter-spacing":"CT_CSS_SKIP_RULE","text-transform":"CT_CSS_SKIP_RULE","text-decoration":"CT_CSS_SKIP_RULE"},"breadcrumbsFontColor":{"default":{"color":"CT_CSS_SKIP_RULEDEFAULT"},"initial":{"color":"CT_CSS_SKIP_RULEDEFAULT"},"hover":{"color":"CT_CSS_SKIP_RULEDEFAULT"}},"pageTitleOverlay":{"background_type":"color","background_pattern":"type-1","background_image":{"attachment_id":null,"x":0,"y":0},"gradient":"linear-gradient(135deg,rgba(6,147,227,1) 0%,rgb(155,81,224) 100%)","background_repeat":"repeat","background_size":"auto","background_attachment":"scroll","patternColor":{"default":{"color":"#e5e7ea"}},"overlayColor":{"default":{"color":"CT_CSS_SKIP_RULE"}},"backgroundColor":{"default":{"color":"CT_CSS_SKIP_RULE"}}},"pageTitleBackground":{"background_type":"color","background_pattern":"type-1","background_image":{"attachment_id":null,"x":0,"y":0},"gradient":"linear-gradient(135deg,rgba(6,147,227,1) 0%,rgb(155,81,224) 100%)","background_repeat":"repeat","background_size":"auto","background_attachment":"scroll","patternColor":{"default":{"color":"#e5e7ea"}},"overlayColor":{"default":{"color":"CT_CSS_SKIP_RULE"}},"backgroundColor":{"default":{"color":"var(--theme-palette-color-6)"}}},"pageTitlePadding":{"top":"50px","bottom":"50px","left":"auto","right":"auto","linked":true},"ec35447805dc43b925eef837508073fa":"","page_structure_type":"default","8e721d55ef1c936694f832c201ce78cb":"","content_style_source":"inherit","content_style":"wide","vertical_spacing_source":"custom","content_area_spacing":"none","background":{"background_type":"color","background_pattern":"type-1","background_image":{"attachment_id":null,"x":0,"y":0},"gradient":"linear-gradient(135deg,rgba(6,147,227,1) 0%,rgb(155,81,224) 100%)","background_repeat":"repeat","background_size":"auto","background_attachment":"scroll","patternColor":{"default":{"color":"#e5e7ea"}},"overlayColor":{"default":{"color":"CT_CSS_SKIP_RULE"}},"backgroundColor":{"default":{"color":"CT_CSS_SKIP_RULE"}}},"content_background":{"background_type":"color","background_pattern":"type-1","background_image":{"attachment_id":null,"x":0,"y":0},"gradient":"linear-gradient(135deg,rgba(6,147,227,1) 0%,rgb(155,81,224) 100%)","background_repeat":"repeat","background_size":"auto","background_attachment":"scroll","patternColor":{"default":{"color":"#e5e7ea"}},"overlayColor":{"default":{"color":"CT_CSS_SKIP_RULE"}},"backgroundColor":{"default":{"color":"var(--theme-palette-color-8)"}}},"content_boxed_shadow":{"inherit":false,"blur":18,"spread":-6,"v_offset":12,"h_offset":0,"inset":false,"enable":true,"color":{"color":"rgba(34, 56, 101, 0.04)"}},"boxed_content_spacing":{"desktop":{"top":"40px","bottom":"40px","left":"40px","right":"40px","linked":true},"tablet":{"top":"35px","bottom":"35px","left":"35px","right":"35px","linked":true},"mobile":{"top":"20px","bottom":"20px","left":"20px","right":"20px","linked":true}},"content_boxed_radius":{"top":"3px","bottom":"3px","left":"3px","right":"3px","linked":true},"1842a503b3240f204f30e3a0cf58ed01":"","disable_featured_image":"no","disable_share_box":"no","disable_header":"no","disable_footer":"no"},"yoast_head":"<!-- This site is optimized with the Yoast SEO plugin v23.7 - https:\/\/yoast.com\/wordpress\/plugins\/seo\/ -->\n<title>Ota yhteytt\u00e4 - Luova Viesti<\/title>\n<meta name=\"robots\" content=\"index, follow, max-snippet:-1, max-image-preview:large, max-video-preview:-1\" \/>\n<link rel=\"canonical\" href=\"https:\/\/luovaviesti.fi\/fr\/ota-yhteytta\/\" \/>\n<meta property=\"og:locale\" content=\"fr_FR\" \/>\n<meta property=\"og:type\" content=\"article\" \/>\n<meta property=\"og:title\" content=\"Ota yhteytt\u00e4 - Luova Viesti\" \/>\n<meta property=\"og:description\" content=\"Jutellaan lis\u00e4\u00e4 Puhelinnumero +358 41 311 4304 S\u00e4hk\u00f6posti elli-noora@luovaviesti.fi LinkedIn https:\/\/www.linkedin.com\/in\/ellinooranieminen\/\" \/>\n<meta property=\"og:url\" content=\"https:\/\/luovaviesti.fi\/fr\/ota-yhteytta\/\" \/>\n<meta property=\"og:site_name\" content=\"Luova Viesti\" \/>\n<meta property=\"article:publisher\" content=\"https:\/\/www.facebook.com\/profile.php?id=100091318250113\" \/>\n<meta property=\"article:modified_time\" content=\"2023-03-03T11:59:24+00:00\" \/>\n<meta property=\"og:image\" content=\"https:\/\/luovaviesti.fi\/wp-content\/uploads\/2023\/02\/DSCF7295-taustalla-netti.jpg\" \/>\n<meta name=\"twitter:card\" content=\"summary_large_image\" \/>\n<script type=\"application\/ld+json\" class=\"yoast-schema-graph\">{\"@context\":\"https:\/\/schema.org\",\"@graph\":[{\"@type\":\"WebPage\",\"@id\":\"https:\/\/luovaviesti.fi\/ota-yhteytta\/\",\"url\":\"https:\/\/luovaviesti.fi\/ota-yhteytta\/\",\"name\":\"Ota yhteytt\u00e4 - Luova Viesti\",\"isPartOf\":{\"@id\":\"https:\/\/luovaviesti.fi\/#website\"},\"primaryImageOfPage\":{\"@id\":\"https:\/\/luovaviesti.fi\/ota-yhteytta\/#primaryimage\"},\"image\":{\"@id\":\"https:\/\/luovaviesti.fi\/ota-yhteytta\/#primaryimage\"},\"thumbnailUrl\":\"https:\/\/luovaviesti.fi\/wp-content\/uploads\/2023\/02\/DSCF7295-taustalla-netti.jpg\",\"datePublished\":\"2022-02-13T16:32:27+00:00\",\"dateModified\":\"2023-03-03T11:59:24+00:00\",\"breadcrumb\":{\"@id\":\"https:\/\/luovaviesti.fi\/ota-yhteytta\/#breadcrumb\"},\"inLanguage\":\"fr-FR\",\"potentialAction\":[{\"@type\":\"ReadAction\",\"target\":[\"https:\/\/luovaviesti.fi\/ota-yhteytta\/\"]}]},{\"@type\":\"ImageObject\",\"inLanguage\":\"fr-FR\",\"@id\":\"https:\/\/luovaviesti.fi\/ota-yhteytta\/#primaryimage\",\"url\":\"https:\/\/luovaviesti.fi\/wp-content\/uploads\/2023\/02\/DSCF7295-taustalla-netti.jpg\",\"contentUrl\":\"https:\/\/luovaviesti.fi\/wp-content\/uploads\/2023\/02\/DSCF7295-taustalla-netti.jpg\"},{\"@type\":\"BreadcrumbList\",\"@id\":\"https:\/\/luovaviesti.fi\/ota-yhteytta\/#breadcrumb\",\"itemListElement\":[{\"@type\":\"ListItem\",\"position\":1,\"name\":\"Etusivu\",\"item\":\"https:\/\/luovaviesti.fi\/\"},{\"@type\":\"ListItem\",\"position\":2,\"name\":\"Ota yhteytt\u00e4\"}]},{\"@type\":\"WebSite\",\"@id\":\"https:\/\/luovaviesti.fi\/#website\",\"url\":\"https:\/\/luovaviesti.fi\/\",\"name\":\"Luova Viesti\",\"description\":\"Monikielist&auml; viestint&auml;&auml;\",\"publisher\":{\"@id\":\"https:\/\/luovaviesti.fi\/#organization\"},\"potentialAction\":[{\"@type\":\"SearchAction\",\"target\":{\"@type\":\"EntryPoint\",\"urlTemplate\":\"https:\/\/luovaviesti.fi\/?s={search_term_string}\"},\"query-input\":{\"@type\":\"PropertyValueSpecification\",\"valueRequired\":true,\"valueName\":\"search_term_string\"}}],\"inLanguage\":\"fr-FR\"},{\"@type\":\"Organization\",\"@id\":\"https:\/\/luovaviesti.fi\/#organization\",\"name\":\"Luova Viesti\",\"url\":\"https:\/\/luovaviesti.fi\/\",\"logo\":{\"@type\":\"ImageObject\",\"inLanguage\":\"fr-FR\",\"@id\":\"https:\/\/luovaviesti.fi\/#\/schema\/logo\/image\/\",\"url\":\"https:\/\/luovaviesti.fi\/wp-content\/uploads\/2024\/10\/LOGO_TUMMA20.png\",\"contentUrl\":\"https:\/\/luovaviesti.fi\/wp-content\/uploads\/2024\/10\/LOGO_TUMMA20.png\",\"width\":563,\"height\":353,\"caption\":\"Luova Viesti\"},\"image\":{\"@id\":\"https:\/\/luovaviesti.fi\/#\/schema\/logo\/image\/\"},\"sameAs\":[\"https:\/\/www.facebook.com\/profile.php?id=100091318250113\",\"https:\/\/www.instagram.com\/luovaviesti\/\"]}]}<\/script>\n<!-- \/ Yoast SEO plugin. -->","yoast_head_json":{"title":"Ota yhteytt\u00e4 - Luova Viesti","robots":{"index":"index","follow":"follow","max-snippet":"max-snippet:-1","max-image-preview":"max-image-preview:large","max-video-preview":"max-video-preview:-1"},"canonical":"https:\/\/luovaviesti.fi\/fr\/ota-yhteytta\/","og_locale":"fr_FR","og_type":"article","og_title":"Ota yhteytt\u00e4 - Luova Viesti","og_description":"Jutellaan lis\u00e4\u00e4 Puhelinnumero +358 41 311 4304 S\u00e4hk\u00f6posti elli-noora@luovaviesti.fi LinkedIn https:\/\/www.linkedin.com\/in\/ellinooranieminen\/","og_url":"https:\/\/luovaviesti.fi\/fr\/ota-yhteytta\/","og_site_name":"Luova Viesti","article_publisher":"https:\/\/www.facebook.com\/profile.php?id=100091318250113","article_modified_time":"2023-03-03T11:59:24+00:00","og_image":[{"url":"https:\/\/luovaviesti.fi\/wp-content\/uploads\/2023\/02\/DSCF7295-taustalla-netti.jpg"}],"twitter_card":"summary_large_image","schema":{"@context":"https:\/\/schema.org","@graph":[{"@type":"WebPage","@id":"https:\/\/luovaviesti.fi\/ota-yhteytta\/","url":"https:\/\/luovaviesti.fi\/ota-yhteytta\/","name":"Ota yhteytt\u00e4 - Luova Viesti","isPartOf":{"@id":"https:\/\/luovaviesti.fi\/#website"},"primaryImageOfPage":{"@id":"https:\/\/luovaviesti.fi\/ota-yhteytta\/#primaryimage"},"image":{"@id":"https:\/\/luovaviesti.fi\/ota-yhteytta\/#primaryimage"},"thumbnailUrl":"https:\/\/luovaviesti.fi\/wp-content\/uploads\/2023\/02\/DSCF7295-taustalla-netti.jpg","datePublished":"2022-02-13T16:32:27+00:00","dateModified":"2023-03-03T11:59:24+00:00","breadcrumb":{"@id":"https:\/\/luovaviesti.fi\/ota-yhteytta\/#breadcrumb"},"inLanguage":"fr-FR","potentialAction":[{"@type":"ReadAction","target":["https:\/\/luovaviesti.fi\/ota-yhteytta\/"]}]},{"@type":"ImageObject","inLanguage":"fr-FR","@id":"https:\/\/luovaviesti.fi\/ota-yhteytta\/#primaryimage","url":"https:\/\/luovaviesti.fi\/wp-content\/uploads\/2023\/02\/DSCF7295-taustalla-netti.jpg","contentUrl":"https:\/\/luovaviesti.fi\/wp-content\/uploads\/2023\/02\/DSCF7295-taustalla-netti.jpg"},{"@type":"BreadcrumbList","@id":"https:\/\/luovaviesti.fi\/ota-yhteytta\/#breadcrumb","itemListElement":[{"@type":"ListItem","position":1,"name":"Etusivu","item":"https:\/\/luovaviesti.fi\/"},{"@type":"ListItem","position":2,"name":"Ota yhteytt\u00e4"}]},{"@type":"WebSite","@id":"https:\/\/luovaviesti.fi\/#website","url":"https:\/\/luovaviesti.fi\/","name":"Luova Viesti","description":"Monikielist&auml; viestint&auml;&auml;","publisher":{"@id":"https:\/\/luovaviesti.fi\/#organization"},"potentialAction":[{"@type":"SearchAction","target":{"@type":"EntryPoint","urlTemplate":"https:\/\/luovaviesti.fi\/?s={search_term_string}"},"query-input":{"@type":"PropertyValueSpecification","valueRequired":true,"valueName":"search_term_string"}}],"inLanguage":"fr-FR"},{"@type":"Organization","@id":"https:\/\/luovaviesti.fi\/#organization","name":"Luova Viesti","url":"https:\/\/luovaviesti.fi\/","logo":{"@type":"ImageObject","inLanguage":"fr-FR","@id":"https:\/\/luovaviesti.fi\/#\/schema\/logo\/image\/","url":"https:\/\/luovaviesti.fi\/wp-content\/uploads\/2024\/10\/LOGO_TUMMA20.png","contentUrl":"https:\/\/luovaviesti.fi\/wp-content\/uploads\/2024\/10\/LOGO_TUMMA20.png","width":563,"height":353,"caption":"Luova Viesti"},"image":{"@id":"https:\/\/luovaviesti.fi\/#\/schema\/logo\/image\/"},"sameAs":["https:\/\/www.facebook.com\/profile.php?id=100091318250113","https:\/\/www.instagram.com\/luovaviesti\/"]}]}},"_links":{"self":[{"href":"https:\/\/luovaviesti.fi\/fr\/wp-json\/wp\/v2\/pages\/654"}],"collection":[{"href":"https:\/\/luovaviesti.fi\/fr\/wp-json\/wp\/v2\/pages"}],"about":[{"href":"https:\/\/luovaviesti.fi\/fr\/wp-json\/wp\/v2\/types\/page"}],"author":[{"embeddable":true,"href":"https:\/\/luovaviesti.fi\/fr\/wp-json\/wp\/v2\/users\/2"}],"replies":[{"embeddable":true,"href":"https:\/\/luovaviesti.fi\/fr\/wp-json\/wp\/v2\/comments?post=654"}],"version-history":[{"count":23,"href":"https:\/\/luovaviesti.fi\/fr\/wp-json\/wp\/v2\/pages\/654\/revisions"}],"predecessor-version":[{"id":1261,"href":"https:\/\/luovaviesti.fi\/fr\/wp-json\/wp\/v2\/pages\/654\/revisions\/1261"}],"wp:attachment":[{"href":"https:\/\/luovaviesti.fi\/fr\/wp-json\/wp\/v2\/media?parent=654"}],"curies":[{"name":"wp","href":"https:\/\/api.w.org\/{rel}","templated":true}]}}