{"id":1230,"date":"2024-01-09T09:14:25","date_gmt":"2024-01-09T07:14:25","guid":{"rendered":"https:\/\/luovaviesti.fi\/?page_id=1230"},"modified":"2024-01-10T14:32:03","modified_gmt":"2024-01-10T12:32:03","slug":"tietosuojaseloste","status":"publish","type":"page","link":"https:\/\/luovaviesti.fi\/fr\/tietosuojaseloste\/","title":{"rendered":"Tietosuojaseloste"},"content":{"rendered":"<p><strong>1. Rekisterinpit\u00e4j\u00e4&nbsp;<\/strong>&nbsp;<br>Luova Viesti &#8211; 2893791-1&nbsp;<\/p>\n\n\n\n<p>Yhteystiedot:&nbsp;<br>Michailowinkatu 10 C 124,&nbsp;<br>20100 Turku&nbsp;<br><\/p>\n\n\n\n<p>Yhteystiedot rekisteri\u00e4 koskevissa asioissa:&nbsp;&nbsp;<\/p>\n\n\n\n<p>Luova Viesti \/ Elli-Noora Nieminen&nbsp;<\/p>\n\n\n\n<p>Michailowinkatu 10 C 124,&nbsp;<br>20100 Turku&nbsp;<br>+ 358 41 311 4304&nbsp;<br>elli-noora@luovaviesti.fi&nbsp;<br><\/p>\n\n\n\n<p><strong>2. Rekister\u00f6idyt&nbsp;<\/strong>&nbsp;<\/p>\n\n\n\n<p>Luova Viestin asiakasrekisteri sis\u00e4lt\u00e4\u00e4 tietoja sek\u00e4 yrityksen asiakkaista ett\u00e4 sen potentiaalisista asiakkaista. N\u00e4iden lis\u00e4ksi Luova Viestill\u00e4 on tietoja sen yhteisty\u00f6kumppaneista ja muista yrityksen toiminnalle t\u00e4rkeist\u00e4 sidosryhmist\u00e4, kuten alihankkijoista.&nbsp;<br><\/p>\n\n\n\n<p><strong>3. Henkil\u00f6tietojen k\u00e4ytt\u00f6tarkoitus&nbsp;<\/strong>&nbsp;<\/p>\n\n\n\n<p>Henkil\u00f6tietoja ker\u00e4t\u00e4\u00e4n rekisteriin ja k\u00e4sitell\u00e4\u00e4n asiakassuhteen perusteella tai suostumuksen perusteella. Suostumus voi olla annettu kirjallisesti esimerkiksi lomakkeen avulla tai muulla tavoin, esimerkiksi potentiaalisen asiakkaan tai muun yhteisty\u00f6kumppanin tapahtumassa luovuttaman k\u00e4yntikortin kautta.&nbsp;<br><\/p>\n\n\n\n<p><strong>Henkil\u00f6tietojen k\u00e4sittelyn ja rekisterin k\u00e4ytt\u00f6tarkoitus&nbsp;<\/strong>&nbsp;<\/p>\n\n\n\n<p>Luova Viesti k\u00e4ytt\u00e4\u00e4 rekister\u00f6ityj\u00e4 tietoja asiakkassuhteiden luomiseen ja yll\u00e4pit\u00e4miseen. Lis\u00e4ksi Luova Viesti k\u00e4ytt\u00e4\u00e4 asiakasrekisteri\u00e4 palveluistaan viestimiseen.<br>&nbsp;<\/p>\n\n\n\n<p><strong>4. Rekisteriin tallennettavat henkil\u00f6tiedot<\/strong>&nbsp;&nbsp;<\/p>\n\n\n\n<p>Asiakasrekisteri sis\u00e4lt\u00e4\u00e4 seuraavat tiedot:&nbsp;yhteyshenkil\u00f6n nimi, s\u00e4hk\u00f6posti, puhelinnumero ja rooli edustetussa yrityksess\u00e4 tai organisaatiossa. Lis\u00e4ksi rekisteriin tallennetaan asiakasyrityksen osoite ja laskutustiedot sek\u00e4 muut asiakassuhteen hoitamisen kannalta olennaiset tiedot ja muistiinpanot. N\u00e4ihin kuuluvat esimerkiksi tiedot ostetuista tuotteista tai palveluista tai tuotteista ja palveluista, joista asiakas on kiinnostunut.<br> &nbsp;<\/p>\n\n\n\n<p><strong>5. Rekister\u00f6idyn oikeudet&nbsp;<\/strong>&nbsp;<\/p>\n\n\n\n<p>Rekister\u00f6idyll\u00e4 on seuraavat oikeudet, joiden k\u00e4ytt\u00e4mist\u00e4 koskevat pyynn\u00f6t tulee tehd\u00e4 osoitteeseen<strong> <\/strong>&nbsp;<br><a href=\"mailto:elli-noora@luovaviesti.fi\" target=\"_blank\" rel=\"noreferrer noopener\">elli-noora@luovaviesti.fi<\/a> tai postitse osoitteeseen:&nbsp;<br>Elli-Noora Nieminen \/ Luova Viesti&nbsp;<br>Michailowinkatu 10 C 124,&nbsp;<br>20100 Turku&nbsp;<br><\/p>\n\n\n\n<p><strong>Tarkastusoikeus&nbsp;<\/strong>&nbsp;<\/p>\n\n\n\n<p>Rekister\u00f6ity voi tarkistaa tallentamamme henkil\u00f6tiedot.&nbsp;&nbsp;&nbsp;<\/p>\n\n\n\n<p><strong>Oikeus tietojen oikaisemiseen<\/strong>&nbsp;<\/p>\n\n\n\n<p>Rekister\u00f6ity voi pyyt\u00e4\u00e4 oikaisemaan h\u00e4nt\u00e4 koskevat virheelliset tai puutteelliset tiedot.&nbsp;<\/p>\n\n\n\n<p><strong>Vastustamisoikeus<\/strong>&nbsp;&nbsp;<\/p>\n\n\n\n<p>Rekister\u00f6ity voi vastustaa henkil\u00f6tietojen k\u00e4sittely\u00e4, mik\u00e4li kokee, ett\u00e4 henkil\u00f6tietoja on k\u00e4sitelty lainvastaisesti.&nbsp;&nbsp;&nbsp;<\/p>\n\n\n\n<p><strong>Suoramarkkinointikielto<\/strong>&nbsp;&nbsp;<\/p>\n\n\n\n<p>Rekister\u00f6idyll\u00e4 on oikeus kielt\u00e4\u00e4 tietojen k\u00e4ytt\u00e4minen suoramarkkinointiin.&nbsp;&nbsp;<\/p>\n\n\n\n<p><strong>Poisto-oikeus&nbsp;<\/strong>&nbsp;<\/p>\n\n\n\n<p>Rekister\u00f6idyll\u00e4 on oikeus pyyt\u00e4\u00e4 tietojen poistamista, jos tietojen k\u00e4sittely ei ole tarpeen. K\u00e4sittelemme poistopyynn\u00f6n, jonka j\u00e4lkeen joko poistamme tiedot tai ilmoitamme perustellun syyn, miksi tietoja ei voida poistaa.&nbsp;&nbsp;&nbsp;<\/p>\n\n\n\n<p>On huomioitava, ett\u00e4 rekisterinpit\u00e4j\u00e4ll\u00e4 voi olla lakis\u00e4\u00e4teinen tai muu oikeus olla poistamatta pyydetty\u00e4 tietoa. Rekisterinpit\u00e4j\u00e4ll\u00e4 on velvollisuus s\u00e4ilytt\u00e4\u00e4 kirjanpitoaineisto Kirjanpitolaissa (luku 2, 10 \u00a7) m\u00e4\u00e4ritellyn ajan (10 vuotta) mukaisesti. T\u00e4m\u00e4n vuoksi kirjanpitoon liittyv\u00e4\u00e4 aineistoa ei voida poistaa ennen m\u00e4\u00e4r\u00e4ajan umpeutumista.&nbsp;<\/p>\n\n\n\n<p><strong>Suostumuksen peruuttaminen<\/strong>&nbsp;<\/p>\n\n\n\n<p>Jos rekister\u00f6ity\u00e4 koskeva henkil\u00f6tietojen k\u00e4sittely perustuu ainoastaan suostumukseen, eik\u00e4 esim. asiakkuuteen tai j\u00e4senyyteen, voi rekister\u00f6ity peruuttaa suostumuksen.&nbsp;<\/p>\n\n\n\n<p><strong>Rekister\u00f6ity voi valittaa p\u00e4\u00e4t\u00f6ksest\u00e4 tietosuojavaltuutetulle<\/strong>&nbsp;&nbsp;<\/p>\n\n\n\n<p>Rekister\u00f6idyll\u00e4 on oikeus vaatia, ett\u00e4 rajoitamme kiistanalaisten tietojen k\u00e4sittely\u00e4 siksi aikaa, kunnes asia saadaan ratkaistua.&nbsp;&nbsp;<\/p>\n\n\n\n<p><strong>Valitusoikeus&nbsp;<\/strong>&nbsp;<\/p>\n\n\n\n<p>Rekister\u00f6idyll\u00e4 on oikeus tehd\u00e4 valitus tietosuojavaltuutetulle kantelu, jos h\u00e4n kokee, ett\u00e4 rikomme henkil\u00f6tietoja k\u00e4sitelless\u00e4mme voimassa olevaa tietosuojalains\u00e4\u00e4d\u00e4nt\u00f6\u00e4.&nbsp;&nbsp;<\/p>\n\n\n\n<p>Tietosuojavaltuutetun yhteystiedot:&nbsp; <a href=\"http:\/\/www.tietosuoja.fi\/fi\/index\/yhteystiedot.html\" target=\"_blank\" rel=\"noreferrer noopener\">www.tietosuoja.fi\/fi\/index\/yhteystiedot.html<\/a>&nbsp;&nbsp;<br><\/p>\n\n\n\n<p><strong>6. S\u00e4\u00e4nn\u00f6nmukaiset tietol\u00e4hteet&nbsp;<\/strong>&nbsp;<\/p>\n\n\n\n<p>Asiakastiedot saadaan s\u00e4\u00e4nn\u00f6nmukaisesti asiakkaalta itselt\u00e4\u00e4n asiakassuhteen syntyess\u00e4 tai neuvottelujen aikana. Tietoja voidaan saada my\u00f6s suostumuksen perusteella esimerkiksi lomakkeen tai ajanvarausj\u00e4rjestelm\u00e4n kautta (esim. Calendly), sosiaalisen median kanavissa k\u00e4ydyn viestinvaihdon kautta tai tapahtumassa verkostoitumalla ja vaihtamalla k\u00e4yntikortteja. Lis\u00e4ksi tietoja saadaan muista julkisista l\u00e4hteist\u00e4, kuten Yritys- ja yhteis\u00f6tietoj\u00e4rjestelm\u00e4 YTJ:st\u00e4 tai\u00a0asiakasyrityksen verkkosivuilta. \u00a0<br><\/p>\n\n\n\n<p><strong>7. S\u00e4\u00e4nn\u00f6nmukaiset tietojen luovutukset&nbsp;<\/strong>&nbsp;<\/p>\n\n\n\n<p>Olemme varmistaneet, ett\u00e4 kaikki palveluntarjoajamme noudattavat tietosuojalains\u00e4\u00e4d\u00e4nt\u00f6\u00e4. K\u00e4yt\u00e4mme s\u00e4\u00e4nn\u00f6nmukaisesti seuraavia palvelutarjoajia:&nbsp;Pipedrive CRM-j\u00e4rjestelm\u00e4. Lis\u00e4tietoja Pipedriven tietojen k\u00e4sittelyst\u00e4 ja s\u00e4ilytt\u00e4misest\u00e4 on luettavissa: <a href=\"https:\/\/support.pipedrive.com\/en\/article\/pipedrive-and-gdpr#data-transfers\" target=\"_blank\" rel=\"noreferrer noopener\">https:\/\/support.pipedrive.com\/en\/article\/pipedrive-and-gdpr#data-transfers<\/a> (luettu 9.1.2024)&nbsp;<\/p>\n\n\n\n<p>Pipedrive s\u00e4ilytt\u00e4\u00e4 tietoja p\u00e4\u00e4s\u00e4\u00e4nt\u00f6isesti ETA:n sis\u00e4puolella. Osa markkinointi- ja myyntij\u00e4rjestelm\u00e4n palveluista edellytt\u00e4\u00e4 tietojen luovuttamista ETA-alueen ulkopuolelle. Pipedrive on sitoutunut huolehtimaan henkil\u00f6tietojen suojan riitt\u00e4v\u00e4st\u00e4 tasosta, kun tietoja siirret\u00e4\u00e4n. Pipedrive yll\u00e4pit\u00e4\u00e4 listaa tietojen siirtotavasta ja maasta osoitteessa: <a href=\"https:\/\/www.pipedrive.com\/en\/subprocessors\" target=\"_blank\" rel=\"noreferrer noopener\">https:\/\/www.pipedrive.com\/en\/subprocessors<\/a> (9.1.2024)<br><br>Pipedriven lis\u00e4ksi k\u00e4yt\u00f6ss\u00e4 on Mailchimp-markkinointity\u00f6kalu. Mailchimpi\u00e4 k\u00e4ytet\u00e4\u00e4n yrityksen palveluista tiedottamiseen. Jos listalta haluaa poistua, se onnistuu milloin tahansa klikkaamalla s\u00e4hk\u00f6postiviestiss\u00e4 olevaa \u201dUnsubscribe\/Poistu listalta\u201d -linkki\u00e4 tai ottamalla yhteytt\u00e4\u00a0<a href=\"mailto:elli-noora@luovaviesti.fi\" target=\"_blank\" rel=\"noreferrer noopener\">elli-noora@luovaviesti.fi<\/a>.<\/p>\n\n\n\n<p><\/p>\n\n\n\n<p><strong>8. K\u00e4sittelyn kesto&nbsp;<\/strong>&nbsp;<\/p>\n\n\n\n<p>Henkil\u00f6tietoja k\u00e4sitell\u00e4\u00e4n p\u00e4\u00e4s\u00e4\u00e4nt\u00f6isesti niin kauan kuin asiakkuus tai yhteisty\u00f6kumppanuus on voimassa. Markkinointilistaltamme rekister\u00f6ity p\u00e4\u00e4see poistumaan itse jokaisessa l\u00e4hett\u00e4m\u00e4ss\u00e4mme markkinointis\u00e4hk\u00f6postissamme olevan linkin kautta.&nbsp;<br><\/p>\n\n\n\n<p><strong>9. Henkil\u00f6tietojen k\u00e4sittelij\u00e4t&nbsp;<\/strong>&nbsp;<\/p>\n\n\n\n<p>Rekisterinpit\u00e4j\u00e4 ja t\u00e4m\u00e4n ty\u00f6ntekij\u00e4t k\u00e4sittelev\u00e4t henkil\u00f6tietoja. Voimme my\u00f6s ulkoistaa henkil\u00f6tietojen k\u00e4sittelyn osittain kolmannelle osapuolelle, jolloin takaamme sopimusj\u00e4rjestelyin, ett\u00e4 henkil\u00f6tietoja k\u00e4sitell\u00e4\u00e4n voimassa olevan tietosuojalains\u00e4\u00e4d\u00e4nn\u00f6n mukaisesti ja muutoin asianmukaisesti.&nbsp;&nbsp;<br><\/p>\n\n\n\n<p><strong>10. Tietojen siirto EU:n ulkopuolelle&nbsp;<\/strong>&nbsp;<\/p>\n\n\n\n<p>Tietoja siirret\u00e4\u00e4n s\u00e4\u00e4nn\u00f6nmukaisesti EU:n tai Euroopan talousalueen ulkopuolelle. Kun tietoja siirret\u00e4\u00e4n EU:n ja ETA:n ulkopuolelle, huolehdimme henkil\u00f6tietojen suojan riitt\u00e4v\u00e4st\u00e4 tasosta muun muassa sopimalla henkil\u00f6tietojen luottamuksellisuuteen ja k\u00e4sittelyyn liittyvist\u00e4 asioista lains\u00e4\u00e4d\u00e4nn\u00f6n edellytt\u00e4m\u00e4ll\u00e4 tavalla.&nbsp;&nbsp;<\/p>\n\n\n\n<p>Tietojen luovutuksesta kerrotaan tarkemmin kohdassa 7 S\u00e4\u00e4nn\u00f6nmukaiset luovutukset. &nbsp;<br><\/p>\n\n\n\n<p><strong>11.<\/strong><strong> <\/strong><strong>Automaattinen p\u00e4\u00e4t\u00f6ksenteko ja profilointi&nbsp;<\/strong>&nbsp;<\/p>\n\n\n\n<p>Emme k\u00e4yt\u00e4 tietoja automaattiseen p\u00e4\u00e4t\u00f6ksentekoon tai profilointiin.&nbsp;&nbsp;<\/p>","protected":false},"excerpt":{"rendered":"<p>1. Rekisterinpit\u00e4j\u00e4&nbsp;&nbsp;Luova Viesti &#8211; 2893791-1&nbsp; Yhteystiedot:&nbsp;Michailowinkatu 10 C 124,&nbsp;20100 Turku&nbsp; Yhteystiedot rekisteri\u00e4 koskevissa asioissa:&nbsp;&nbsp; Luova Viesti \/ Elli-Noora Nieminen&nbsp; Michailowinkatu 10 C 124,&nbsp;20100 Turku&nbsp;+ 358 41 311 4304&nbsp;elli-noora@luovaviesti.fi&nbsp; 2. Rekister\u00f6idyt&nbsp;&nbsp; Luova Viestin asiakasrekisteri sis\u00e4lt\u00e4\u00e4 tietoja sek\u00e4 yrityksen asiakkaista ett\u00e4 sen potentiaalisista asiakkaista. N\u00e4iden lis\u00e4ksi Luova Viestill\u00e4 on tietoja sen yhteisty\u00f6kumppaneista ja muista yrityksen toiminnalle t\u00e4rkeist\u00e4 [&hellip;]<\/p>","protected":false},"author":2,"featured_media":0,"parent":0,"menu_order":0,"comment_status":"closed","ping_status":"closed","template":"","meta":{"footnotes":""},"class_list":["post-1230","page","type-page","status-publish","hentry"],"blocksy_meta":[],"yoast_head":"<!-- This site is optimized with the Yoast SEO plugin v23.7 - https:\/\/yoast.com\/wordpress\/plugins\/seo\/ -->\n<title>Tietosuojaseloste - Luova Viesti<\/title>\n<meta name=\"robots\" content=\"index, follow, max-snippet:-1, max-image-preview:large, max-video-preview:-1\" \/>\n<link rel=\"canonical\" href=\"https:\/\/luovaviesti.fi\/fr\/tietosuojaseloste\/\" \/>\n<meta property=\"og:locale\" content=\"fr_FR\" \/>\n<meta property=\"og:type\" content=\"article\" \/>\n<meta property=\"og:title\" content=\"Tietosuojaseloste - Luova Viesti\" \/>\n<meta property=\"og:description\" content=\"1. Rekisterinpit\u00e4j\u00e4&nbsp;&nbsp;Luova Viesti &#8211; 2893791-1&nbsp; Yhteystiedot:&nbsp;Michailowinkatu 10 C 124,&nbsp;20100 Turku&nbsp; Yhteystiedot rekisteri\u00e4 koskevissa asioissa:&nbsp;&nbsp; Luova Viesti \/ Elli-Noora Nieminen&nbsp; Michailowinkatu 10 C 124,&nbsp;20100 Turku&nbsp;+ 358 41 311 4304&nbsp;elli-noora@luovaviesti.fi&nbsp; 2. Rekister\u00f6idyt&nbsp;&nbsp; Luova Viestin asiakasrekisteri sis\u00e4lt\u00e4\u00e4 tietoja sek\u00e4 yrityksen asiakkaista ett\u00e4 sen potentiaalisista asiakkaista. N\u00e4iden lis\u00e4ksi Luova Viestill\u00e4 on tietoja sen yhteisty\u00f6kumppaneista ja muista yrityksen toiminnalle t\u00e4rkeist\u00e4 [&hellip;]\" \/>\n<meta property=\"og:url\" content=\"https:\/\/luovaviesti.fi\/fr\/tietosuojaseloste\/\" \/>\n<meta property=\"og:site_name\" content=\"Luova Viesti\" \/>\n<meta property=\"article:publisher\" content=\"https:\/\/www.facebook.com\/profile.php?id=100091318250113\" \/>\n<meta property=\"article:modified_time\" content=\"2024-01-10T12:32:03+00:00\" \/>\n<meta name=\"twitter:card\" content=\"summary_large_image\" \/>\n<meta name=\"twitter:label1\" content=\"Dur\u00e9e de lecture estim\u00e9e\" \/>\n\t<meta name=\"twitter:data1\" content=\"5 minutes\" \/>\n<script type=\"application\/ld+json\" class=\"yoast-schema-graph\">{\"@context\":\"https:\/\/schema.org\",\"@graph\":[{\"@type\":\"WebPage\",\"@id\":\"https:\/\/luovaviesti.fi\/tietosuojaseloste\/\",\"url\":\"https:\/\/luovaviesti.fi\/tietosuojaseloste\/\",\"name\":\"Tietosuojaseloste - Luova Viesti\",\"isPartOf\":{\"@id\":\"https:\/\/luovaviesti.fi\/#website\"},\"datePublished\":\"2024-01-09T07:14:25+00:00\",\"dateModified\":\"2024-01-10T12:32:03+00:00\",\"breadcrumb\":{\"@id\":\"https:\/\/luovaviesti.fi\/tietosuojaseloste\/#breadcrumb\"},\"inLanguage\":\"fr-FR\",\"potentialAction\":[{\"@type\":\"ReadAction\",\"target\":[\"https:\/\/luovaviesti.fi\/tietosuojaseloste\/\"]}]},{\"@type\":\"BreadcrumbList\",\"@id\":\"https:\/\/luovaviesti.fi\/tietosuojaseloste\/#breadcrumb\",\"itemListElement\":[{\"@type\":\"ListItem\",\"position\":1,\"name\":\"Etusivu\",\"item\":\"https:\/\/luovaviesti.fi\/\"},{\"@type\":\"ListItem\",\"position\":2,\"name\":\"Tietosuojaseloste\"}]},{\"@type\":\"WebSite\",\"@id\":\"https:\/\/luovaviesti.fi\/#website\",\"url\":\"https:\/\/luovaviesti.fi\/\",\"name\":\"Luova Viesti\",\"description\":\"Monikielist&auml; viestint&auml;&auml;\",\"publisher\":{\"@id\":\"https:\/\/luovaviesti.fi\/#organization\"},\"potentialAction\":[{\"@type\":\"SearchAction\",\"target\":{\"@type\":\"EntryPoint\",\"urlTemplate\":\"https:\/\/luovaviesti.fi\/?s={search_term_string}\"},\"query-input\":{\"@type\":\"PropertyValueSpecification\",\"valueRequired\":true,\"valueName\":\"search_term_string\"}}],\"inLanguage\":\"fr-FR\"},{\"@type\":\"Organization\",\"@id\":\"https:\/\/luovaviesti.fi\/#organization\",\"name\":\"Luova Viesti\",\"url\":\"https:\/\/luovaviesti.fi\/\",\"logo\":{\"@type\":\"ImageObject\",\"inLanguage\":\"fr-FR\",\"@id\":\"https:\/\/luovaviesti.fi\/#\/schema\/logo\/image\/\",\"url\":\"https:\/\/luovaviesti.fi\/wp-content\/uploads\/2024\/10\/LOGO_TUMMA20.png\",\"contentUrl\":\"https:\/\/luovaviesti.fi\/wp-content\/uploads\/2024\/10\/LOGO_TUMMA20.png\",\"width\":563,\"height\":353,\"caption\":\"Luova Viesti\"},\"image\":{\"@id\":\"https:\/\/luovaviesti.fi\/#\/schema\/logo\/image\/\"},\"sameAs\":[\"https:\/\/www.facebook.com\/profile.php?id=100091318250113\",\"https:\/\/www.instagram.com\/luovaviesti\/\"]}]}<\/script>\n<!-- \/ Yoast SEO plugin. -->","yoast_head_json":{"title":"Tietosuojaseloste - Luova Viesti","robots":{"index":"index","follow":"follow","max-snippet":"max-snippet:-1","max-image-preview":"max-image-preview:large","max-video-preview":"max-video-preview:-1"},"canonical":"https:\/\/luovaviesti.fi\/fr\/tietosuojaseloste\/","og_locale":"fr_FR","og_type":"article","og_title":"Tietosuojaseloste - Luova Viesti","og_description":"1. Rekisterinpit\u00e4j\u00e4&nbsp;&nbsp;Luova Viesti &#8211; 2893791-1&nbsp; Yhteystiedot:&nbsp;Michailowinkatu 10 C 124,&nbsp;20100 Turku&nbsp; Yhteystiedot rekisteri\u00e4 koskevissa asioissa:&nbsp;&nbsp; Luova Viesti \/ Elli-Noora Nieminen&nbsp; Michailowinkatu 10 C 124,&nbsp;20100 Turku&nbsp;+ 358 41 311 4304&nbsp;elli-noora@luovaviesti.fi&nbsp; 2. Rekister\u00f6idyt&nbsp;&nbsp; Luova Viestin asiakasrekisteri sis\u00e4lt\u00e4\u00e4 tietoja sek\u00e4 yrityksen asiakkaista ett\u00e4 sen potentiaalisista asiakkaista. N\u00e4iden lis\u00e4ksi Luova Viestill\u00e4 on tietoja sen yhteisty\u00f6kumppaneista ja muista yrityksen toiminnalle t\u00e4rkeist\u00e4 [&hellip;]","og_url":"https:\/\/luovaviesti.fi\/fr\/tietosuojaseloste\/","og_site_name":"Luova Viesti","article_publisher":"https:\/\/www.facebook.com\/profile.php?id=100091318250113","article_modified_time":"2024-01-10T12:32:03+00:00","twitter_card":"summary_large_image","twitter_misc":{"Dur\u00e9e de lecture estim\u00e9e":"5 minutes"},"schema":{"@context":"https:\/\/schema.org","@graph":[{"@type":"WebPage","@id":"https:\/\/luovaviesti.fi\/tietosuojaseloste\/","url":"https:\/\/luovaviesti.fi\/tietosuojaseloste\/","name":"Tietosuojaseloste - Luova Viesti","isPartOf":{"@id":"https:\/\/luovaviesti.fi\/#website"},"datePublished":"2024-01-09T07:14:25+00:00","dateModified":"2024-01-10T12:32:03+00:00","breadcrumb":{"@id":"https:\/\/luovaviesti.fi\/tietosuojaseloste\/#breadcrumb"},"inLanguage":"fr-FR","potentialAction":[{"@type":"ReadAction","target":["https:\/\/luovaviesti.fi\/tietosuojaseloste\/"]}]},{"@type":"BreadcrumbList","@id":"https:\/\/luovaviesti.fi\/tietosuojaseloste\/#breadcrumb","itemListElement":[{"@type":"ListItem","position":1,"name":"Etusivu","item":"https:\/\/luovaviesti.fi\/"},{"@type":"ListItem","position":2,"name":"Tietosuojaseloste"}]},{"@type":"WebSite","@id":"https:\/\/luovaviesti.fi\/#website","url":"https:\/\/luovaviesti.fi\/","name":"Luova Viesti","description":"Monikielist&auml; viestint&auml;&auml;","publisher":{"@id":"https:\/\/luovaviesti.fi\/#organization"},"potentialAction":[{"@type":"SearchAction","target":{"@type":"EntryPoint","urlTemplate":"https:\/\/luovaviesti.fi\/?s={search_term_string}"},"query-input":{"@type":"PropertyValueSpecification","valueRequired":true,"valueName":"search_term_string"}}],"inLanguage":"fr-FR"},{"@type":"Organization","@id":"https:\/\/luovaviesti.fi\/#organization","name":"Luova Viesti","url":"https:\/\/luovaviesti.fi\/","logo":{"@type":"ImageObject","inLanguage":"fr-FR","@id":"https:\/\/luovaviesti.fi\/#\/schema\/logo\/image\/","url":"https:\/\/luovaviesti.fi\/wp-content\/uploads\/2024\/10\/LOGO_TUMMA20.png","contentUrl":"https:\/\/luovaviesti.fi\/wp-content\/uploads\/2024\/10\/LOGO_TUMMA20.png","width":563,"height":353,"caption":"Luova Viesti"},"image":{"@id":"https:\/\/luovaviesti.fi\/#\/schema\/logo\/image\/"},"sameAs":["https:\/\/www.facebook.com\/profile.php?id=100091318250113","https:\/\/www.instagram.com\/luovaviesti\/"]}]}},"_links":{"self":[{"href":"https:\/\/luovaviesti.fi\/fr\/wp-json\/wp\/v2\/pages\/1230"}],"collection":[{"href":"https:\/\/luovaviesti.fi\/fr\/wp-json\/wp\/v2\/pages"}],"about":[{"href":"https:\/\/luovaviesti.fi\/fr\/wp-json\/wp\/v2\/types\/page"}],"author":[{"embeddable":true,"href":"https:\/\/luovaviesti.fi\/fr\/wp-json\/wp\/v2\/users\/2"}],"replies":[{"embeddable":true,"href":"https:\/\/luovaviesti.fi\/fr\/wp-json\/wp\/v2\/comments?post=1230"}],"version-history":[{"count":3,"href":"https:\/\/luovaviesti.fi\/fr\/wp-json\/wp\/v2\/pages\/1230\/revisions"}],"predecessor-version":[{"id":1285,"href":"https:\/\/luovaviesti.fi\/fr\/wp-json\/wp\/v2\/pages\/1230\/revisions\/1285"}],"wp:attachment":[{"href":"https:\/\/luovaviesti.fi\/fr\/wp-json\/wp\/v2\/media?parent=1230"}],"curies":[{"name":"wp","href":"https:\/\/api.w.org\/{rel}","templated":true}]}}